{"id":9211,"date":"2021-09-19T11:35:45","date_gmt":"2021-09-19T11:35:45","guid":{"rendered":"http:\/\/hdotrade.com\/?post_type=product&#038;p=9211"},"modified":"2023-09-26T15:17:01","modified_gmt":"2023-09-26T15:17:01","slug":"electrolux-s-s-grating-disc-for-knodeln-and-bread","status":"publish","type":"product","link":"https:\/\/pt.hdotrade.com\/pt\/produto\/electrolux-s-s-grating-disc-for-knodeln-and-bread\/","title":{"rendered":"ELECTROLUX STAINLESS STEEL KNODELN AND BREAD GRATING DISC FOR TRS"},"content":{"rendered":"<p>FOR VEGETABLE SLICER ELECTROLUX DITO SAMA MODEL &#8211; TRS, TR210 , TRK<\/p>\n<p>ELECTROLUX KNODELN E DISCO DE GRADE DE P\u00c3O EM A\u00c7O INOXID\u00c1VEL\u00a0 PARA TRS<\/p>","protected":false},"excerpt":{"rendered":"<p>FOR VEGETABLE SLICER ELECTROLUX DITO SAMA MODEL &#8211; TRS, TR210 , TRK ELECTROLUX KNODELN E DISCO DE GRADE DE P\u00c3O EM A\u00c7O INOXID\u00c1VEL\u00a0 PARA TRS<\/p>","protected":false},"featured_media":9215,"template":"","meta":[],"product_cat":[184,47],"product_tag":[],"class_list":{"0":"post-9211","1":"product","2":"type-product","3":"status-publish","4":"has-post-thumbnail","6":"product_cat-vegetable-cutter-electrolux","7":"product_cat-electrolux-professional","9":"first","10":"instock","11":"taxable","12":"shipping-taxable","13":"purchasable","14":"product-type-simple"},"acf":[],"yoast_head":"<!-- This site is optimized with the Yoast SEO plugin v24.1 - https:\/\/yoast.com\/wordpress\/plugins\/seo\/ -->\n<title>ELECTROLUX STAINLESS STEEL KNODELN AND BREAD GRATING DISC FOR TRS - PT - HDO Global Trade<\/title>\n<meta name=\"description\" content=\"ELECTROLUX STAINLESS STEEL GRATING DISC FOR KNODELN AND BREAD FOR VEGETABLE SLICER ELECTROLUX DITO SAMA MODEL - TRS, TR210 , TRK\" \/>\n<meta name=\"robots\" content=\"index, follow, max-snippet:-1, max-image-preview:large, max-video-preview:-1\" \/>\n<link rel=\"canonical\" href=\"https:\/\/pt.hdotrade.com\/pt\/produto\/electrolux-s-s-grating-disc-for-knodeln-and-bread\/\" \/>\n<meta property=\"og:locale\" content=\"pt_PT\" \/>\n<meta property=\"og:type\" content=\"article\" \/>\n<meta property=\"og:title\" content=\"ELECTROLUX STAINLESS STEEL KNODELN AND BREAD GRATING DISC FOR TRS - PT - HDO Global Trade\" \/>\n<meta property=\"og:description\" content=\"ELECTROLUX STAINLESS STEEL GRATING DISC FOR KNODELN AND BREAD FOR VEGETABLE SLICER ELECTROLUX DITO SAMA MODEL - TRS, TR210 , TRK\" \/>\n<meta property=\"og:url\" content=\"https:\/\/pt.hdotrade.com\/pt\/produto\/electrolux-s-s-grating-disc-for-knodeln-and-bread\/\" \/>\n<meta property=\"og:site_name\" content=\"PT - HDO Global Trade\" \/>\n<meta property=\"article:modified_time\" content=\"2023-09-26T15:17:01+00:00\" \/>\n<meta property=\"og:image\" content=\"https:\/\/hdotrade.com\/wp-content\/uploads\/2021\/10\/ELECTROLUX-STAINLESS-STEEL-GRATING-DISC-FOR-KNODELN-AND-BREAD.png\" \/>\n\t<meta property=\"og:image:width\" content=\"500\" \/>\n\t<meta property=\"og:image:height\" content=\"500\" \/>\n\t<meta property=\"og:image:type\" content=\"image\/png\" \/>\n<meta name=\"twitter:card\" content=\"summary_large_image\" \/>\n<meta name=\"twitter:label1\" content=\"Tempo estimado de leitura\" \/>\n\t<meta name=\"twitter:data1\" content=\"1 minuto\" \/>\n<script type=\"application\/ld+json\" class=\"yoast-schema-graph\">{\"@context\":\"https:\/\/schema.org\",\"@graph\":[{\"@type\":\"WebPage\",\"@id\":\"https:\/\/pt.hdotrade.com\/product\/electrolux-s-s-grating-disc-for-knodeln-and-bread\/\",\"url\":\"https:\/\/pt.hdotrade.com\/product\/electrolux-s-s-grating-disc-for-knodeln-and-bread\/\",\"name\":\"ELECTROLUX STAINLESS STEEL KNODELN AND BREAD GRATING DISC FOR TRS - PT - HDO Global Trade\",\"isPartOf\":{\"@id\":\"https:\/\/pt.hdotrade.com\/#website\"},\"primaryImageOfPage\":{\"@id\":\"https:\/\/pt.hdotrade.com\/product\/electrolux-s-s-grating-disc-for-knodeln-and-bread\/#primaryimage\"},\"image\":{\"@id\":\"https:\/\/pt.hdotrade.com\/product\/electrolux-s-s-grating-disc-for-knodeln-and-bread\/#primaryimage\"},\"thumbnailUrl\":\"https:\/\/hdotrade.com\/wp-content\/uploads\/2021\/10\/ELECTROLUX-STAINLESS-STEEL-GRATING-DISC-FOR-KNODELN-AND-BREAD.png\",\"datePublished\":\"2021-09-19T11:35:45+00:00\",\"dateModified\":\"2023-09-26T15:17:01+00:00\",\"description\":\"ELECTROLUX STAINLESS STEEL GRATING DISC FOR KNODELN AND BREAD FOR VEGETABLE SLICER ELECTROLUX DITO SAMA MODEL - TRS, TR210 , TRK\",\"breadcrumb\":{\"@id\":\"https:\/\/pt.hdotrade.com\/product\/electrolux-s-s-grating-disc-for-knodeln-and-bread\/#breadcrumb\"},\"inLanguage\":\"pt-PT\",\"potentialAction\":[{\"@type\":\"ReadAction\",\"target\":[\"https:\/\/pt.hdotrade.com\/product\/electrolux-s-s-grating-disc-for-knodeln-and-bread\/\"]}]},{\"@type\":\"ImageObject\",\"inLanguage\":\"pt-PT\",\"@id\":\"https:\/\/pt.hdotrade.com\/product\/electrolux-s-s-grating-disc-for-knodeln-and-bread\/#primaryimage\",\"url\":\"https:\/\/hdotrade.com\/wp-content\/uploads\/2021\/10\/ELECTROLUX-STAINLESS-STEEL-GRATING-DISC-FOR-KNODELN-AND-BREAD.png\",\"contentUrl\":\"https:\/\/hdotrade.com\/wp-content\/uploads\/2021\/10\/ELECTROLUX-STAINLESS-STEEL-GRATING-DISC-FOR-KNODELN-AND-BREAD.png\",\"width\":500,\"height\":500,\"caption\":\"LECTROLUX STAINLESS STEEL GRATING DISC FOR KNODELN AND BREAD\"},{\"@type\":\"BreadcrumbList\",\"@id\":\"https:\/\/pt.hdotrade.com\/product\/electrolux-s-s-grating-disc-for-knodeln-and-bread\/#breadcrumb\",\"itemListElement\":[{\"@type\":\"ListItem\",\"position\":1,\"name\":\"Home\",\"item\":\"https:\/\/pt.hdotrade.com\/\"},{\"@type\":\"ListItem\",\"position\":2,\"name\":\"Shop\",\"item\":\"https:\/\/pt.hdotrade.com\/shop\/\"},{\"@type\":\"ListItem\",\"position\":3,\"name\":\"ELECTROLUX STAINLESS STEEL KNODELN AND BREAD GRATING DISC FOR TRS\"}]},{\"@type\":\"WebSite\",\"@id\":\"https:\/\/pt.hdotrade.com\/#website\",\"url\":\"https:\/\/pt.hdotrade.com\/\",\"name\":\"PT - HDO Global Trade\",\"description\":\"Online store\",\"potentialAction\":[{\"@type\":\"SearchAction\",\"target\":{\"@type\":\"EntryPoint\",\"urlTemplate\":\"https:\/\/pt.hdotrade.com\/?s={search_term_string}\"},\"query-input\":{\"@type\":\"PropertyValueSpecification\",\"valueRequired\":true,\"valueName\":\"search_term_string\"}}],\"inLanguage\":\"pt-PT\"}]}<\/script>\n<!-- \/ Yoast SEO plugin. -->","yoast_head_json":{"title":"ELECTROLUX STAINLESS STEEL KNODELN AND BREAD GRATING DISC FOR TRS - PT - HDO Global Trade","description":"ELECTROLUX STAINLESS STEEL GRATING DISC FOR KNODELN AND BREAD FOR VEGETABLE SLICER ELECTROLUX DITO SAMA MODEL - TRS, TR210 , TRK","robots":{"index":"index","follow":"follow","max-snippet":"max-snippet:-1","max-image-preview":"max-image-preview:large","max-video-preview":"max-video-preview:-1"},"canonical":"https:\/\/pt.hdotrade.com\/pt\/produto\/electrolux-s-s-grating-disc-for-knodeln-and-bread\/","og_locale":"pt_PT","og_type":"article","og_title":"ELECTROLUX STAINLESS STEEL KNODELN AND BREAD GRATING DISC FOR TRS - PT - HDO Global Trade","og_description":"ELECTROLUX STAINLESS STEEL GRATING DISC FOR KNODELN AND BREAD FOR VEGETABLE SLICER ELECTROLUX DITO SAMA MODEL - TRS, TR210 , TRK","og_url":"https:\/\/pt.hdotrade.com\/pt\/produto\/electrolux-s-s-grating-disc-for-knodeln-and-bread\/","og_site_name":"PT - HDO Global Trade","article_modified_time":"2023-09-26T15:17:01+00:00","og_image":[{"width":500,"height":500,"url":"https:\/\/hdotrade.com\/wp-content\/uploads\/2021\/10\/ELECTROLUX-STAINLESS-STEEL-GRATING-DISC-FOR-KNODELN-AND-BREAD.png","type":"image\/png"}],"twitter_card":"summary_large_image","twitter_misc":{"Tempo estimado de leitura":"1 minuto"},"schema":{"@context":"https:\/\/schema.org","@graph":[{"@type":"WebPage","@id":"https:\/\/pt.hdotrade.com\/product\/electrolux-s-s-grating-disc-for-knodeln-and-bread\/","url":"https:\/\/pt.hdotrade.com\/product\/electrolux-s-s-grating-disc-for-knodeln-and-bread\/","name":"ELECTROLUX STAINLESS STEEL KNODELN AND BREAD GRATING DISC FOR TRS - PT - HDO Global Trade","isPartOf":{"@id":"https:\/\/pt.hdotrade.com\/#website"},"primaryImageOfPage":{"@id":"https:\/\/pt.hdotrade.com\/product\/electrolux-s-s-grating-disc-for-knodeln-and-bread\/#primaryimage"},"image":{"@id":"https:\/\/pt.hdotrade.com\/product\/electrolux-s-s-grating-disc-for-knodeln-and-bread\/#primaryimage"},"thumbnailUrl":"https:\/\/hdotrade.com\/wp-content\/uploads\/2021\/10\/ELECTROLUX-STAINLESS-STEEL-GRATING-DISC-FOR-KNODELN-AND-BREAD.png","datePublished":"2021-09-19T11:35:45+00:00","dateModified":"2023-09-26T15:17:01+00:00","description":"ELECTROLUX STAINLESS STEEL GRATING DISC FOR KNODELN AND BREAD FOR VEGETABLE SLICER ELECTROLUX DITO SAMA MODEL - TRS, TR210 , TRK","breadcrumb":{"@id":"https:\/\/pt.hdotrade.com\/product\/electrolux-s-s-grating-disc-for-knodeln-and-bread\/#breadcrumb"},"inLanguage":"pt-PT","potentialAction":[{"@type":"ReadAction","target":["https:\/\/pt.hdotrade.com\/product\/electrolux-s-s-grating-disc-for-knodeln-and-bread\/"]}]},{"@type":"ImageObject","inLanguage":"pt-PT","@id":"https:\/\/pt.hdotrade.com\/product\/electrolux-s-s-grating-disc-for-knodeln-and-bread\/#primaryimage","url":"https:\/\/hdotrade.com\/wp-content\/uploads\/2021\/10\/ELECTROLUX-STAINLESS-STEEL-GRATING-DISC-FOR-KNODELN-AND-BREAD.png","contentUrl":"https:\/\/hdotrade.com\/wp-content\/uploads\/2021\/10\/ELECTROLUX-STAINLESS-STEEL-GRATING-DISC-FOR-KNODELN-AND-BREAD.png","width":500,"height":500,"caption":"LECTROLUX STAINLESS STEEL GRATING DISC FOR KNODELN AND BREAD"},{"@type":"BreadcrumbList","@id":"https:\/\/pt.hdotrade.com\/product\/electrolux-s-s-grating-disc-for-knodeln-and-bread\/#breadcrumb","itemListElement":[{"@type":"ListItem","position":1,"name":"Home","item":"https:\/\/pt.hdotrade.com\/"},{"@type":"ListItem","position":2,"name":"Shop","item":"https:\/\/pt.hdotrade.com\/shop\/"},{"@type":"ListItem","position":3,"name":"ELECTROLUX STAINLESS STEEL KNODELN AND BREAD GRATING DISC FOR TRS"}]},{"@type":"WebSite","@id":"https:\/\/pt.hdotrade.com\/#website","url":"https:\/\/pt.hdotrade.com\/","name":"PT - HDO Global Trade","description":"Online store","potentialAction":[{"@type":"SearchAction","target":{"@type":"EntryPoint","urlTemplate":"https:\/\/pt.hdotrade.com\/?s={search_term_string}"},"query-input":{"@type":"PropertyValueSpecification","valueRequired":true,"valueName":"search_term_string"}}],"inLanguage":"pt-PT"}]}},"_links":{"self":[{"href":"https:\/\/pt.hdotrade.com\/pt\/wp-json\/wp\/v2\/product\/9211","targetHints":{"allow":["GET"]}}],"collection":[{"href":"https:\/\/pt.hdotrade.com\/pt\/wp-json\/wp\/v2\/product"}],"about":[{"href":"https:\/\/pt.hdotrade.com\/pt\/wp-json\/wp\/v2\/types\/product"}],"wp:featuredmedia":[{"embeddable":true,"href":"https:\/\/pt.hdotrade.com\/pt\/wp-json\/wp\/v2\/media\/9215"}],"wp:attachment":[{"href":"https:\/\/pt.hdotrade.com\/pt\/wp-json\/wp\/v2\/media?parent=9211"}],"wp:term":[{"taxonomy":"product_cat","embeddable":true,"href":"https:\/\/pt.hdotrade.com\/pt\/wp-json\/wp\/v2\/product_cat?post=9211"},{"taxonomy":"product_tag","embeddable":true,"href":"https:\/\/pt.hdotrade.com\/pt\/wp-json\/wp\/v2\/product_tag?post=9211"}],"curies":[{"name":"wp","href":"https:\/\/api.w.org\/{rel}","templated":true}]}}